{"id":55,"date":"2023-08-02T09:16:06","date_gmt":"2023-08-02T09:16:06","guid":{"rendered":"https:\/\/www.boulderccino.cz\/?page_id=55"},"modified":"2026-01-11T10:36:46","modified_gmt":"2026-01-11T10:36:46","slug":"o-projektu","status":"publish","type":"page","link":"https:\/\/www.boulderccino.cz\/?page_id=55","title":{"rendered":"O PROJEKTU"},"content":{"rendered":"\n<p>Jmenuji se Ad\u00e9la. Jsem nad\u0161enkyn\u011b do lezen\u00ed, hor a p\u0159\u00edrody. Ale tak\u00e9 do dobr\u00e9ho j\u00eddla a kafe, kter\u00e9 \u010dlov\u011bku dopln\u00ed energii, kterou vy\u010derpal p\u0159i t\u016fr\u00e1ch, popolezech a d\u00edv\u00e1n\u00ed se na stromy v lese. Nejl\u00e9pe mi j\u00eddlo chutn\u00e1 po velk\u00e9m v\u00fddeji energie. M\u00e1te to stejn\u011b jako j\u00e1?<\/p>\n\n\n\n<p>P\u016fvodn\u011b jsem zam\u00fd\u0161lela, \u017ee na tomto webu budu sd\u00edlet recepty a tipy na vege j\u00eddla do hor. D\u0159\u00edve jsem hodn\u011b \u0159e\u0161ila, kde a \u010deho se na hor\u00e1ch naj\u00edm, proto\u017ee nebylo tolik vegetari\u00e1nsk\u00fdch mo\u017enost\u00ed. Dnes u\u017e je to jinak a j\u00e1 jsem d\u00edky tomu \u010d\u00edm d\u00e1l t\u00edm men\u0161\u00ed preper a \u010d\u00edm d\u00e1l t\u00edm v\u00edc si chci v\u011bci usnadnit. <\/p>\n\n\n\n<p>Zat\u00edm to tady tedy bude m\u016fj cestovatelsk\u00fd a lezeck\u00fd den\u00ed\u010dek. Blogov\u00e9 \u00e9\u0159e sice odzvonilo, ale j\u00e1 r\u00e1da p\u00ed\u0161u a pot\u0159ebuji platformu, kde za patn\u00e1ct let ozn\u00e1m\u00edm otev\u0159en\u00ed sv\u00e9 boulder kav\u00e1rny. <\/p>\n\n\n\n<figure class=\"wp-block-image size-full is-resized\"><img loading=\"lazy\" decoding=\"async\" width=\"48\" height=\"48\" src=\"http:\/\/www.boulderccino.cz\/wp-content\/uploads\/2023\/08\/2674096_object_email_web_essential_icon.png\" alt=\"\" class=\"wp-image-56\" style=\"width:32px;height:32px\"\/><\/figure>\n\n\n\n<p>M\u00e1te n\u011bjak\u00e9 speci\u00e1ln\u00ed p\u0159\u00e1n\u00ed nebo p\u0159ipom\u00ednku? Budu moc r\u00e1da, pokud mi nap\u00ed\u0161ete do koment\u00e1\u0159\u016f nebo na: <strong>adi.ne@seznam.cz<\/strong> <\/p>\n\n\n\n<p><\/p>\n","protected":false},"excerpt":{"rendered":"<p>Jmenuji se Ad\u00e9la. Jsem nad\u0161enkyn\u011b do lezen\u00ed, hor a p\u0159\u00edrody. Ale tak\u00e9 do dobr\u00e9ho j\u00eddla a kafe, kter\u00e9 \u010dlov\u011bku dopln\u00ed energii, kterou vy\u010derpal p\u0159i t\u016fr\u00e1ch, popolezech a d\u00edv\u00e1n\u00ed se na stromy v lese. Nejl\u00e9pe mi j\u00eddlo chutn\u00e1 po velk\u00e9m v\u00fddeji energie. M\u00e1te to stejn\u011b jako j\u00e1? P\u016fvodn\u011b jsem zam\u00fd\u0161lela, \u017ee na tomto webu budu sd\u00edlet&#8230;<\/p>\n","protected":false},"author":1,"featured_media":0,"parent":0,"menu_order":0,"comment_status":"closed","ping_status":"closed","template":"","meta":{"footnotes":""},"class_list":["post-55","page","type-page","status-publish","hentry"],"_links":{"self":[{"href":"https:\/\/www.boulderccino.cz\/index.php?rest_route=\/wp\/v2\/pages\/55","targetHints":{"allow":["GET"]}}],"collection":[{"href":"https:\/\/www.boulderccino.cz\/index.php?rest_route=\/wp\/v2\/pages"}],"about":[{"href":"https:\/\/www.boulderccino.cz\/index.php?rest_route=\/wp\/v2\/types\/page"}],"author":[{"embeddable":true,"href":"https:\/\/www.boulderccino.cz\/index.php?rest_route=\/wp\/v2\/users\/1"}],"replies":[{"embeddable":true,"href":"https:\/\/www.boulderccino.cz\/index.php?rest_route=%2Fwp%2Fv2%2Fcomments&post=55"}],"version-history":[{"count":7,"href":"https:\/\/www.boulderccino.cz\/index.php?rest_route=\/wp\/v2\/pages\/55\/revisions"}],"predecessor-version":[{"id":160,"href":"https:\/\/www.boulderccino.cz\/index.php?rest_route=\/wp\/v2\/pages\/55\/revisions\/160"}],"wp:attachment":[{"href":"https:\/\/www.boulderccino.cz\/index.php?rest_route=%2Fwp%2Fv2%2Fmedia&parent=55"}],"curies":[{"name":"wp","href":"https:\/\/api.w.org\/{rel}","templated":true}]}}